{"id":2854,"date":"2017-08-08T14:00:29","date_gmt":"2017-08-08T14:00:29","guid":{"rendered":"https:\/\/victorthemes.com\/themes\/groppe\/?page_id=241"},"modified":"2023-12-31T19:55:36","modified_gmt":"2023-12-31T19:55:36","slug":"come-donare","status":"publish","type":"page","link":"https:\/\/islamimola.it\/fr\/come-donare\/","title":{"rendered":"Comment faire un don"},"content":{"rendered":"<div class=\"vc_row wpb_row vc_row-fluid grop-dhav-dotted vc_custom_1506604734439\"><div class=\"wpb_column vc_column_container text-left vc_col-sm-6 vc_col-lg-6 vc_col-md-6\"><div class=\"vc_column-inner vc_custom_1507709761955\"><div class=\"wpb_wrapper\">\n\t<div class=\"wpb_text_column wpb_content_element  grop-fix grop-about_txt\" >\n\t\t<div class=\"wpb_wrapper\">\n\t\t\t<h2><strong>Don en ligne<\/strong><\/h2>\n<p>Vous pouvez nous soutenir avec un don en choisissant le montant que vous jugez le plus appropri\u00e9.<br \/>\nNous avons cr\u00e9\u00e9 une page d\u00e9di\u00e9e au projet sur le site <strong>GoFundMe<\/strong> pour faire un don facilement et en toute s\u00e9curit\u00e9 avec votre carte de cr\u00e9dit ou de d\u00e9bit.<\/p>\n\n\t\t<\/div>\n\t<\/div>\n<div class=\"vc_btn3-container  wpb_animate_when_almost_visible wpb_bounceIn bounceIn vc_btn3-center\" ><a class=\"vc_general vc_btn3 vc_btn3-size-md vc_btn3-shape-round vc_btn3-style-3d vc_btn3-color-orange\" href=\"https:\/\/www.gofundme.com\/f\/3v9wa-centro-giovani-musulmani-di-imola\" title=\"\">Cliquez ici pour faire un don<\/a><\/div><\/div><\/div><\/div><div class=\"wpb_column vc_column_container text-left vc_col-sm-6\"><div class=\"vc_column-inner\"><div class=\"wpb_wrapper\">\n\t<div  class=\"wpb_single_image wpb_content_element vc_align_center\">\n\t\t\n\t\t<figure class=\"wpb_wrapper vc_figure\">\n\t\t\t<div class=\"vc_single_image-wrapper vc_box_shadow_border_circle  vc_box_border_grey\"><img loading=\"lazy\" decoding=\"async\" class=\"vc_single_image-img\" src=\"https:\/\/islamimola.it\/wp-content\/uploads\/2020\/12\/gofundme-200x200.png\" width=\"200\" height=\"200\" alt=\"gofundme\" title=\"gofundme\" \/><\/div>\n\t\t<\/figure>\n\t<\/div>\n<\/div><\/div><\/div><\/div><div class=\"vc_row wpb_row vc_row-fluid grop-dhav-dotted vc_custom_1506604734439\"><div class=\"wpb_column vc_column_container text-left vc_col-sm-6 vc_col-lg-6 vc_col-md-6\"><div class=\"vc_column-inner vc_custom_1507709761955\"><div class=\"wpb_wrapper\">\n\t<div class=\"wpb_text_column wpb_content_element  grop-fix grop-about_txt\" >\n\t\t<div class=\"wpb_wrapper\">\n\t\t\t<h2>virement<\/h2>\n<p>Intestatario: Casa della cultura islamica di Imola<br \/>\nNom de banque: Unicredit spa<br \/>\nIBAN: IT57o0200821000000103801915<br \/>\nSWIFT\/BIC: UNCRITMM<\/p>\n\n\t\t<\/div>\n\t<\/div>\n<\/div><\/div><\/div><\/div><div class=\"vc_row wpb_row vc_row-fluid grop-dhav-dotted vc_custom_1607474703759 vc_row-has-fill vc_row-o-content-middle vc_row-flex\"><div class=\"wpb_column vc_column_container text-left vc_col-sm-12\"><div class=\"vc_column-inner vc_custom_1504694696117\"><div class=\"wpb_wrapper\"><div class=\"grop-callout_area  grop-parlx-69fb37ceeac69\"><div class=\"grop-vertical_middle  grop-fix grop-callout_container\"><div class=\"grop-cta-cnt\" ><div class=\"text-left col-md-9   text-uppercase  grop-hm3callout_txt\"><h2 style=\"text-align: center;\">IT57o0200821000000103801915<\/h2>\n<p style=\"text-align: center;\">Intestatario: Casa della cultura islamica di Imola<\/p>\n<\/div><\/div><\/div><\/div><\/div><\/div><\/div><\/div><div class=\"vc_row wpb_row vc_row-fluid grop-dhav-dotted vc_custom_1506604734439\"><div class=\"wpb_column vc_column_container text-left vc_col-sm-6 vc_col-lg-6 vc_col-md-6\"><div class=\"vc_column-inner vc_custom_1507709761955\"><div class=\"wpb_wrapper\">\n\t<div class=\"wpb_text_column wpb_content_element  grop-fix grop-about_txt\" >\n\t\t<div class=\"wpb_wrapper\">\n\t\t\t<h2>EN ESP\u00c8CES<\/h2>\n<p>Vous pouvez faire un don en esp\u00e8ces en vous rendant \u00e0 notre bureau \u00e0 Via Ercolani 24\/b, Imola (Bo)<\/p>\n\n\t\t<\/div>\n\t<\/div>\n<\/div><\/div><\/div><div class=\"wpb_column vc_column_container text-left vc_col-sm-6\"><div class=\"vc_column-inner\"><div class=\"wpb_wrapper\"><\/div><\/div><\/div><\/div><div class=\"vc_row wpb_row vc_row-fluid grop-dhav-dotted vc_custom_1506604734439\"><div class=\"wpb_column vc_column_container text-left vc_col-sm-6 vc_col-lg-6 vc_col-md-6\"><div class=\"vc_column-inner vc_custom_1507709761955\"><div class=\"wpb_wrapper\">\n\t<div class=\"wpb_text_column wpb_content_element  grop-fix grop-about_txt\" >\n\t\t<div class=\"wpb_wrapper\">\n\t\t\t<h2>Ch\u00e8que<\/h2>\n<p>Invia in busta chiusa un assegno non trasferibile intestato a: Casa della cultura islamica di Imola, all\u2019indirizzo di Via Ercolani 24\/b, 40026 Imola (Bo)<\/p>\n\n\t\t<\/div>\n\t<\/div>\n<\/div><\/div><\/div><div class=\"wpb_column vc_column_container text-left vc_col-sm-6\"><div class=\"vc_column-inner\"><div class=\"wpb_wrapper\"><\/div><\/div><\/div><\/div>","protected":false},"excerpt":{"rendered":"Donazione online Puoi sostenerci con una donazione scegliendo l'importo che ritieni pi\u00f9 opportuno. Abbiamo creato una pagina dedicata al progetto sul sito GoFundMe per donare in modo facile e sicuro con la tua carta di credito o prepagata. Clicca qui per donare Bonifico bancario Intestatario: Casa della cultura islamica di Imola Denominazione Banca: Unicredit spa ...","protected":false},"author":1,"featured_media":0,"parent":0,"menu_order":0,"comment_status":"closed","ping_status":"closed","template":"","meta":{"footnotes":""},"class_list":["post-2854","page","type-page","status-publish","hentry"],"_links":{"self":[{"href":"https:\/\/islamimola.it\/fr\/wp-json\/wp\/v2\/pages\/2854","targetHints":{"allow":["GET"]}}],"collection":[{"href":"https:\/\/islamimola.it\/fr\/wp-json\/wp\/v2\/pages"}],"about":[{"href":"https:\/\/islamimola.it\/fr\/wp-json\/wp\/v2\/types\/page"}],"author":[{"embeddable":true,"href":"https:\/\/islamimola.it\/fr\/wp-json\/wp\/v2\/users\/1"}],"replies":[{"embeddable":true,"href":"https:\/\/islamimola.it\/fr\/wp-json\/wp\/v2\/comments?post=2854"}],"version-history":[{"count":14,"href":"https:\/\/islamimola.it\/fr\/wp-json\/wp\/v2\/pages\/2854\/revisions"}],"predecessor-version":[{"id":3085,"href":"https:\/\/islamimola.it\/fr\/wp-json\/wp\/v2\/pages\/2854\/revisions\/3085"}],"wp:attachment":[{"href":"https:\/\/islamimola.it\/fr\/wp-json\/wp\/v2\/media?parent=2854"}],"curies":[{"name":"wp","href":"https:\/\/api.w.org\/{rel}","templated":true}]}}