{"id":241,"date":"2017-08-08T14:00:29","date_gmt":"2017-08-08T14:00:29","guid":{"rendered":"https:\/\/victorthemes.com\/themes\/groppe\/?page_id=241"},"modified":"2021-12-21T21:18:41","modified_gmt":"2021-12-21T21:18:41","slug":"chi-siamo","status":"publish","type":"page","link":"https:\/\/islamimola.it\/fr\/chi-siamo\/","title":{"rendered":"Pr\u00e9sentation"},"content":{"rendered":"<div class=\"vc_row wpb_row vc_row-fluid grop-dhav-dotted vc_custom_1506604734439\"><div class=\"wpb_column vc_column_container text-left vc_col-sm-12 vc_col-lg-6 vc_col-md-6\"><div class=\"vc_column-inner vc_custom_1507708767000\"><div class=\"wpb_wrapper\">\n\t<div  class=\"wpb_single_image wpb_content_element vc_align_left\">\n\t\t\n\t\t<figure class=\"wpb_wrapper vc_figure\">\n\t\t\t<div class=\"vc_single_image-wrapper vc_box_shadow_border  vc_box_border_grey\"><img loading=\"lazy\" decoding=\"async\" width=\"2560\" height=\"1707\" src=\"https:\/\/islamimola.it\/wp-content\/uploads\/2020\/10\/IMG_8595-scaled.jpg\" class=\"vc_single_image-img attachment-full\" alt=\"\" srcset=\"https:\/\/islamimola.it\/wp-content\/uploads\/2020\/10\/IMG_8595-scaled.jpg 2560w, https:\/\/islamimola.it\/wp-content\/uploads\/2020\/10\/IMG_8595-300x200.jpg 300w, https:\/\/islamimola.it\/wp-content\/uploads\/2020\/10\/IMG_8595-1024x683.jpg 1024w, https:\/\/islamimola.it\/wp-content\/uploads\/2020\/10\/IMG_8595-768x512.jpg 768w, https:\/\/islamimola.it\/wp-content\/uploads\/2020\/10\/IMG_8595-1536x1024.jpg 1536w, https:\/\/islamimola.it\/wp-content\/uploads\/2020\/10\/IMG_8595-2048x1365.jpg 2048w\" sizes=\"auto, (max-width: 2560px) 100vw, 2560px\" \/><\/div>\n\t\t<\/figure>\n\t<\/div>\n\n\t<div  class=\"wpb_single_image wpb_content_element vc_align_left\">\n\t\t\n\t\t<figure class=\"wpb_wrapper vc_figure\">\n\t\t\t<div class=\"vc_single_image-wrapper vc_box_shadow_border  vc_box_border_grey\"><img loading=\"lazy\" decoding=\"async\" width=\"2560\" height=\"1707\" src=\"https:\/\/islamimola.it\/wp-content\/uploads\/2020\/10\/IMG_2565-scaled.jpg\" class=\"vc_single_image-img attachment-full\" alt=\"\" srcset=\"https:\/\/islamimola.it\/wp-content\/uploads\/2020\/10\/IMG_2565-scaled.jpg 2560w, https:\/\/islamimola.it\/wp-content\/uploads\/2020\/10\/IMG_2565-300x200.jpg 300w, https:\/\/islamimola.it\/wp-content\/uploads\/2020\/10\/IMG_2565-1024x683.jpg 1024w, https:\/\/islamimola.it\/wp-content\/uploads\/2020\/10\/IMG_2565-768x512.jpg 768w, https:\/\/islamimola.it\/wp-content\/uploads\/2020\/10\/IMG_2565-1536x1024.jpg 1536w, https:\/\/islamimola.it\/wp-content\/uploads\/2020\/10\/IMG_2565-2048x1365.jpg 2048w\" sizes=\"auto, (max-width: 2560px) 100vw, 2560px\" \/><\/div>\n\t\t<\/figure>\n\t<\/div>\n<\/div><\/div><\/div><div class=\"wpb_column vc_column_container text-left vc_col-sm-12 vc_col-lg-6 vc_col-md-6\"><div class=\"vc_column-inner vc_custom_1507709761955\"><div class=\"wpb_wrapper\">\n\t<div class=\"wpb_text_column wpb_content_element  grop-fix grop-about_txt\" >\n\t\t<div class=\"wpb_wrapper\">\n\t\t\t<p>Au nom de Dieu le Mis\u00e9ricordieux; les pri\u00e8res et la paix soient sur ses messagers.<\/p>\n<p>L'Association Jusoor est une institution caritative \u00e0 but non lucratif, affili\u00e9e \u00e0 la \" casa della cultura islamica di Imola \" en Italie. Elle a \u00e9t\u00e9 r\u00e9cemment cr\u00e9\u00e9e pour g\u00e9rer le projet de l'\u00e9cole de langue arabe Al-Noor, fond\u00e9e en 1430 \/\/ 2009 e ou on enseigne \u00e0 environ 170 \u00e9tudiants.<\/p>\n<p>Ainsi, l'Association Jusoor a sign\u00e9 un contrat pour acheter un local \u00e0 c\u00f4t\u00e9 de la mosqu\u00e9e qui sera consacr\u00e9 \u00e0 l'enseignement de la langue arabe, du Saint Coran et du hadith du noble Proph\u00e8te ASWS, et ceci pour tous les d'\u00e2ge, \u00e0 partir de quatre ans.<\/p>\n<p>Notre espoir dans ce projet, si Allah le veut, est d'attirer les jeunes musulmans pour les aider \u00e0 pr\u00e9server leur identit\u00e9 islamique.<\/p>\n<p>Nous aspirons \u00e0 organiser des cours de soutien pour les \u00e9tudiants afin de les aider \u00e0 faire face, sans heurts, \u00e0 leur \u00e9ducation, et \u00e0 leur limiter la r\u00e9ticence \u00e0 poursuivre leurs \u00e9tudes secondaires et universitaires.<\/p>\n<p>Ce lieu sera aussi le siege qui permettera de rappeler les gens afin de leur pr\u00e9senter l'Islam, en y organisant des s\u00e9minaires e des conf\u00e9rences qui mettent en lumi\u00e8re la r\u00e9alit\u00e9 de la foi islamique.<\/p>\n<p>Nous nous en remettons d'abord a Allah Tout-Puissant, puis \u00e0 votre soutien pour la realisation de ce noble projet.<\/p>\n\n\t\t<\/div>\n\t<\/div>\n<\/div><\/div><\/div><\/div><div data-vc-full-width=\"true\" data-vc-full-width-init=\"false\" data-vc-stretch-content=\"true\" class=\"vc_row wpb_row vc_row-fluid grop-dhav-dotted vc_row-no-padding\"><div class=\"wpb_column vc_column_container text-left vc_col-sm-12\"><div class=\"vc_column-inner\"><div class=\"wpb_wrapper\">\n\t<div class=\"wpb_video_widget wpb_content_element vc_clearfix   vc_video-aspect-ratio-169 vc_video-el-width-90 vc_video-align-center\" >\n\t\t<div class=\"wpb_wrapper\">\n\t\t\t\n\t\t\t<div class=\"wpb_video_wrapper\"><iframe loading=\"lazy\" title=\"\u0645\u0634\u0631\u0648\u0639 \u0634\u0631\u0627\u0621 \u0645\u0631\u0643\u0632 \u0644\u0644\u0634\u0628\u0627\u0628 \u0627\u0644\u0645\u0633\u0644\u0645 \u0628\u0625\u064a\u0637\u0627\u0644\u064a\u0627\" width=\"1170\" height=\"658\" src=\"https:\/\/www.youtube.com\/embed\/vh2CX9ngpU8?feature=oembed\" frameborder=\"0\" allow=\"accelerometer; autoplay; clipboard-write; encrypted-media; gyroscope; picture-in-picture\" allowfullscreen><\/iframe><\/div>\n\t\t<\/div>\n\t<\/div>\n<\/div><\/div><\/div><\/div><div class=\"vc_row-full-width vc_clearfix\"><\/div><div class=\"vc_row wpb_row vc_row-fluid grop-dhav-dotted vc_custom_1504694787594 vc_row-has-fill\"><div class=\"wpb_column vc_column_container text-left vc_col-sm-12\"><div class=\"vc_column-inner vc_custom_1504694696117\"><div class=\"wpb_wrapper\"><div class=\"grop-callout_area  grop-parlx-69fb37a1c281c\"><div class=\"grop-vertical_middle  grop-fix grop-callout_container   vc_custom_1504695436119\"><div class=\"grop-ab_calut_txt\"><h3>\u201cL\u2019ombra del credente nel Giorno della Resurrezione sar\u00e0 la sua carit\u00e0.\u201d<\/h3>\n<h5>Hadith del Profeta, la pace sia su di lui.<\/h5>\n<\/div><div class=\"grop-float_right grop-callout_btn_warp\"><div class=\"calout-btn\"><a target=\"_blank\" class=\"grop-btn grop-btn_overly grop-callout_btn grop-btn-69fb37a1c28c1-dona-ora\" href=\"https:\/\/islamimola.it\/fr\/come-donare\/\"><span>DONA ORA!<\/span><\/a><\/div><\/div><\/div><\/div><\/div><\/div><\/div><\/div>","protected":false},"excerpt":{"rendered":"Nel nome di Allah il Clemente\u00a0il Compassionevole il Misericordioso. L'Associazione Jusoor \u00e8 un'istituzione benefica senza scopo di lucro, affiliata alla \" Casa della Cultura Islamica di Imola \" in Italia. \u00c8 stata istituita recentemente per gestire il progetto del Centro Ricreativo per Giovani. Cos\u00ec l'Associazione Jusoor ha firmato un contratto per l'acquisto di un locale ...","protected":false},"author":1,"featured_media":0,"parent":0,"menu_order":0,"comment_status":"closed","ping_status":"closed","template":"","meta":{"footnotes":""},"class_list":["post-241","page","type-page","status-publish","hentry"],"_links":{"self":[{"href":"https:\/\/islamimola.it\/fr\/wp-json\/wp\/v2\/pages\/241","targetHints":{"allow":["GET"]}}],"collection":[{"href":"https:\/\/islamimola.it\/fr\/wp-json\/wp\/v2\/pages"}],"about":[{"href":"https:\/\/islamimola.it\/fr\/wp-json\/wp\/v2\/types\/page"}],"author":[{"embeddable":true,"href":"https:\/\/islamimola.it\/fr\/wp-json\/wp\/v2\/users\/1"}],"replies":[{"embeddable":true,"href":"https:\/\/islamimola.it\/fr\/wp-json\/wp\/v2\/comments?post=241"}],"version-history":[{"count":10,"href":"https:\/\/islamimola.it\/fr\/wp-json\/wp\/v2\/pages\/241\/revisions"}],"predecessor-version":[{"id":3048,"href":"https:\/\/islamimola.it\/fr\/wp-json\/wp\/v2\/pages\/241\/revisions\/3048"}],"wp:attachment":[{"href":"https:\/\/islamimola.it\/fr\/wp-json\/wp\/v2\/media?parent=241"}],"curies":[{"name":"wp","href":"https:\/\/api.w.org\/{rel}","templated":true}]}}