{"id":2850,"date":"2017-08-08T14:00:29","date_gmt":"2017-08-08T14:00:29","guid":{"rendered":"https:\/\/victorthemes.com\/themes\/groppe\/?page_id=241"},"modified":"2017-08-08T14:00:29","modified_gmt":"2017-08-08T14:00:29","slug":"qui-nous-sommes","status":"publish","type":"page","link":"https:\/\/islamimola.it\/en\/qui-nous-sommes\/","title":{"rendered":"Qui sommes-nous"},"content":{"rendered":"<div class=\"vc_row wpb_row vc_row-fluid grop-dhav-dotted vc_custom_1506604734439\"><div class=\"wpb_column vc_column_container text-left vc_col-sm-12 vc_col-lg-6 vc_col-md-6\"><div class=\"vc_column-inner vc_custom_1507708767000\"><div class=\"wpb_wrapper\">\n\t<div  class=\"wpb_single_image wpb_content_element vc_align_left\">\n\t\t\n\t\t<figure class=\"wpb_wrapper vc_figure\">\n\t\t\t<div class=\"vc_single_image-wrapper vc_box_shadow_border  vc_box_border_grey\"><img loading=\"lazy\" decoding=\"async\" width=\"2560\" height=\"1707\" src=\"https:\/\/islamimola.it\/wp-content\/uploads\/2020\/10\/IMG_8595-scaled.jpg\" class=\"vc_single_image-img attachment-full\" alt=\"\" srcset=\"https:\/\/islamimola.it\/wp-content\/uploads\/2020\/10\/IMG_8595-scaled.jpg 2560w, https:\/\/islamimola.it\/wp-content\/uploads\/2020\/10\/IMG_8595-300x200.jpg 300w, https:\/\/islamimola.it\/wp-content\/uploads\/2020\/10\/IMG_8595-1024x683.jpg 1024w, https:\/\/islamimola.it\/wp-content\/uploads\/2020\/10\/IMG_8595-768x512.jpg 768w, https:\/\/islamimola.it\/wp-content\/uploads\/2020\/10\/IMG_8595-1536x1024.jpg 1536w, https:\/\/islamimola.it\/wp-content\/uploads\/2020\/10\/IMG_8595-2048x1365.jpg 2048w\" sizes=\"auto, (max-width: 2560px) 100vw, 2560px\" \/><\/div>\n\t\t<\/figure>\n\t<\/div>\n\n\t<div  class=\"wpb_single_image wpb_content_element vc_align_left\">\n\t\t\n\t\t<figure class=\"wpb_wrapper vc_figure\">\n\t\t\t<div class=\"vc_single_image-wrapper vc_box_shadow_border  vc_box_border_grey\"><img loading=\"lazy\" decoding=\"async\" width=\"2560\" height=\"1707\" src=\"https:\/\/islamimola.it\/wp-content\/uploads\/2020\/10\/IMG_2565-scaled.jpg\" class=\"vc_single_image-img attachment-full\" alt=\"\" srcset=\"https:\/\/islamimola.it\/wp-content\/uploads\/2020\/10\/IMG_2565-scaled.jpg 2560w, https:\/\/islamimola.it\/wp-content\/uploads\/2020\/10\/IMG_2565-300x200.jpg 300w, https:\/\/islamimola.it\/wp-content\/uploads\/2020\/10\/IMG_2565-1024x683.jpg 1024w, https:\/\/islamimola.it\/wp-content\/uploads\/2020\/10\/IMG_2565-768x512.jpg 768w, https:\/\/islamimola.it\/wp-content\/uploads\/2020\/10\/IMG_2565-1536x1024.jpg 1536w, https:\/\/islamimola.it\/wp-content\/uploads\/2020\/10\/IMG_2565-2048x1365.jpg 2048w\" sizes=\"auto, (max-width: 2560px) 100vw, 2560px\" \/><\/div>\n\t\t<\/figure>\n\t<\/div>\n<\/div><\/div><\/div><div class=\"wpb_column vc_column_container text-left vc_col-sm-12 vc_col-lg-6 vc_col-md-6\"><div class=\"vc_column-inner vc_custom_1507709761955\"><div class=\"wpb_wrapper\">\n\t<div class=\"wpb_text_column wpb_content_element  grop-fix grop-about_txt\" >\n\t\t<div class=\"wpb_wrapper\">\n\t\t\t<p>Au nom d\u2019Allah le Cl\u00e9ment le Compatissant le Mis\u00e9ricordieux.<\/p>\n<p>L\u2019Association Jusoor est une institution caritative affili\u00e9e \u00e0 la Maison islamique de la culture d\u2019Imola, r\u00e9cemment cr\u00e9\u00e9e pour g\u00e9rer le projet de l\u2019\u00c9cole Al-Nour pour la langue arabe, fond\u00e9e en 2009 et enseignant plus de 170 \u00e9tudiants et \u00e9tudiants.<\/p>\n<p>Le projet consiste \u00e0 acheter un restaurant pr\u00e8s de la mosqu\u00e9e d\u2019Imola, situ\u00e9e dans la Via Ercolani, pour \u00eatre d\u00e9di\u00e9 \u00e0 l\u2019enseignement de la langue arabe, le Saint Coran et le Hadith du Noble Proph\u00e8te Alaishi s\u00e9dated wa&#39; ssalam pour les musulmans et les musulmans de tous \u00e2ges, \u00e0 partir de quatre ans, avec plus d\u2019int\u00e9r\u00eat et d\u2019attention aux jeunes.<\/p>\n<p>L\u2019objectif est \u00e9galement d\u2019organiser des le\u00e7ons de soutien pour les \u00e9tudiants afin de les aider \u00e0 l\u2019\u00e9cole et \u00e0 l\u2019universit\u00e9 et dans leur \u00e9ducation en g\u00e9n\u00e9ral.<\/p>\n<p>Ce sera par l\u2019\u00e9cole d\u2019enseigner le Coran et la Sunna de notre proph\u00e8te Alaihi s\u00e9dated wa&#39; ssalam aux hommes et aux femmes afin de lutter contre l\u2019analphab\u00e9tisme religieux (source de nombreux probl\u00e8mes), selon le Coran et la Sunna.<\/p>\n<p>Des cours d\u2019arabe pour les Italiens seront \u00e9galement organis\u00e9s, entrecoup\u00e9s de le\u00e7ons d\u2019histoire de l\u2019islam pour faire conna\u00eetre cette noble religion.<\/p>\n<p>Cet endroit, avec l\u2019aide d\u2019Allah, sera un endroit pour rappeler les gens \u00e0 la foi islamique en donnant des conf\u00e9rences, des s\u00e9minaires et des spectacles qui mettent en \u00e9vidence la v\u00e9rit\u00e9 de l\u2019Islam.<\/p>\n<p>Pour mener \u00e0 bien ce projet, nous comptons d\u2019abord sur Allah Tout-Puissant, puis sur le soutien des croyants volontaires.<\/p>\n\n\t\t<\/div>\n\t<\/div>\n<\/div><\/div><\/div><\/div><div data-vc-full-width=\"true\" data-vc-full-width-init=\"false\" data-vc-stretch-content=\"true\" class=\"vc_row wpb_row vc_row-fluid grop-dhav-dotted vc_row-no-padding\"><div class=\"wpb_column vc_column_container text-left vc_col-sm-12\"><div class=\"vc_column-inner\"><div class=\"wpb_wrapper\">    <div class=\"grop-missions_area\">\n     <div class=\"grop-missions_block container  grop-service-69f3f4bd7d2ac\">\n      <div class=\"con-class  grop-service-69f3f4bd7d2ac\">\n        <div class=\"row\">\n                      <div class=\"col-md-4 col-sm-4\">\n              <div class=\"grop-missions_single\">\n                                  <div class=\"grop-float_left  grop-missions_icon\">\n                    <img decoding=\"async\" src=\"https:\/\/islamimola.it\/wp-content\/uploads\/2017\/01\/logo-two.png\" alt=\"\" \/>\n                  <\/div>\n                                <div class=\"grop-fix grop-missions_txt\">\n                  <h4><a href=\"#0\" >Positive Thoughts<\/a><\/h4><p>We aspire to be like hlpers. So we serve all people. No matter their religion, ethnicity, or gender.<\/p>                <\/div><!--\/end-->\n              <\/div>\n            <\/div>\n                      <div class=\"col-md-4 col-sm-4\">\n              <div class=\"grop-missions_single\">\n                                  <div class=\"grop-float_left  grop-missions_icon\">\n                    <img decoding=\"async\" src=\"https:\/\/islamimola.it\/wp-content\/uploads\/2017\/01\/logo-two.png\" alt=\"\" \/>\n                  <\/div>\n                                <div class=\"grop-fix grop-missions_txt\">\n                  <h4><a href=\"#0\" >Heartful Help<\/a><\/h4><p>Going after poverty\u2019s symptoms is temporary. Going after its causes is permanent for everyone.<\/p>                <\/div><!--\/end-->\n              <\/div>\n            <\/div>\n                      <div class=\"col-md-4 col-sm-4 col-sm-offset-0  col-md-offset-0\">\n              <div class=\"grop-missions_single\">\n                                  <div class=\"grop-float_left  grop-missions_icon\">\n                    <img decoding=\"async\" src=\"https:\/\/islamimola.it\/wp-content\/uploads\/2017\/01\/logo-two.png\" alt=\"\" \/>\n                  <\/div>\n                                <div class=\"grop-fix grop-missions_txt\">\n                  <h4><a href=\"#0\" >Spread To Everyone<\/a><\/h4><p>In an effort to ensure volunteering at Foundation events is fulfilling experience for you.<\/p>                <\/div><!--\/end-->\n              <\/div>\n            <\/div>\n          \n        <\/div>\n      <\/div>\n    <\/div>\n  <\/div>\n<\/div><\/div><\/div><\/div><div class=\"vc_row-full-width vc_clearfix\"><\/div><div class=\"vc_row wpb_row vc_row-fluid grop-dhav-dotted\"><div class=\"wpb_column vc_column_container text-left vc_col-sm-12\"><div class=\"vc_column-inner vc_custom_1507807023746\"><div class=\"wpb_wrapper\">    <!--Great Mission area start \\-->\n        <section class=\"grop-ab_msion_area\">\n          <div class=\"container\">\n            <div class=\"row\">\n              <!--Great Mission heading text start \\-->\n              <div class=\"col-md-3  col-sm-6  no-right-padding\">\n                <div class=\"grop-ab_msion_heading\">\n                  <h3>ONLY A LIFE LIVED FOR OTHERS IS WORTH<\/h3><p>Save the Children believes every child deserves a future. In the U.S. and around the world, we give children a healthy start in life.<\/p><a class=\"grop-btn grop-btn_overly grop-ab_msionrd_btn\" href=\"https:\/\/victorthemes.com\/themes\/groppe\/our-impacts\/\">\n                        <span>SEE OUR IMPACTS<\/span>\n                      <\/a>                <\/div>\n              <\/div><!--\/Great Mission heading text end-->\n                                <!--Great Mission single start \\-->\n    <div class=\"col-md-3  col-sm-6\">\n      <div class=\"grop-ab_msions_cont\">\n\n                <div class=\"grop-ab_msions_image\">\n          <img decoding=\"async\" src=\"https:\/\/islamimola.it\/wp-content\/uploads\/2017\/01\/gallery-two.jpg\" alt=\"Social Policy Initiatives\" \/>\n        <\/div>\n        <div class=\"grop-ab_msions_txt\">\n        <h4>Social Policy Initiatives<\/h4><p>Fundraising for local community causes world help received Groppe<\/p>          <ul class=\"grop-ab_msions_list\">\n            <li><i class=\"fa fa-check\"><\/i>Affordable Housing<\/li><li><i class=\"fa fa-check\"><\/i>Disaster Operations  <\/li><li><i class=\"fa fa-check\"><\/i>Making an impact<\/li>          <\/ul>\n        <\/div><!--\/end-->\n      <\/div>\n    <\/div><!--\/Great Mission single end-->\n                      <!--Great Mission single start \\-->\n    <div class=\"col-md-3  col-sm-6\">\n      <div class=\"grop-ab_msions_cont\">\n\n                <div class=\"grop-ab_msions_image\">\n          <img decoding=\"async\" src=\"https:\/\/islamimola.it\/wp-content\/uploads\/2017\/01\/gallery-one.jpg\" alt=\"Youth create waves of change\" \/>\n        <\/div>\n        <div class=\"grop-ab_msions_txt\">\n        <h4><a href=\"#\">Youth create waves of change<\/a><\/h4><p>Establishing a Donor Advised Fund is a convenient and simple way<\/p>          <ul class=\"grop-ab_msions_list\">\n            <li><i class=\"fa fa-check\"><\/i>Help us to help them<\/li><li><i class=\"fa fa-check\"><\/i>Foundational Services<\/li><li><i class=\"fa fa-check\"><\/i>Emergency Response<\/li>          <\/ul>\n        <\/div><!--\/end-->\n      <\/div>\n    <\/div><!--\/Great Mission single end-->\n                      <!--Great Mission single start \\-->\n    <div class=\"col-md-3  col-sm-6\">\n      <div class=\"grop-ab_msions_cont\">\n\n                <div class=\"grop-ab_msions_image\">\n          <img decoding=\"async\" src=\"https:\/\/islamimola.it\/wp-content\/uploads\/2017\/01\/gallery-two.jpg\" alt=\"Pioneering From Young Life\" \/>\n        <\/div>\n        <div class=\"grop-ab_msions_txt\">\n        <h4><a href=\"#\">Pioneering From Young Life<\/a><\/h4><p>We want to do more and you can help. By committing a small fraction.<\/p>          <ul class=\"grop-ab_msions_list\">\n            <li><i class=\"fa fa-check\"><\/i>The need for consensus<\/li><li><i class=\"fa fa-check\"><\/i>Create waves of change<\/li><li><i class=\"fa fa-check\"><\/i>Integrated Health & Nutrition<\/li>          <\/ul>\n        <\/div><!--\/end-->\n      <\/div>\n    <\/div><!--\/Great Mission single end-->\n                <\/div>\n          <\/div>\n        <\/section><!--\/ =XXX Great Mission area end XXX=-->\n  <\/div><\/div><\/div><\/div><div class=\"vc_row wpb_row vc_row-fluid grop-dhav-dotted vc_custom_1504694787594 vc_row-has-fill\"><div class=\"wpb_column vc_column_container text-left vc_col-sm-12\"><div class=\"vc_column-inner vc_custom_1504694696117\"><div class=\"wpb_wrapper\"><div class=\"grop-callout_area  grop-parlx-69f3f4bd7e03e\"><div class=\"grop-vertical_middle  grop-fix grop-callout_container   vc_custom_1504695436119\"><div class=\"grop-ab_calut_txt\"><h3>S\u2019IL VOUS PLA\u00ceT LEVEZ LA MAIN<\/h3>\n<p>Pour ces enfants sans d\u00e9fense et les gens qui en ont besoin \u00e0 chaque minitues.<\/p>\n<\/div><div class=\"grop-float_right grop-callout_btn_warp\"><div class=\"calout-btn\"><a class=\"grop-btn grop-btn_overly grop-callout_btn grop-btn-69f3f4bd7e0f5-become-a-volunteer\" href=\"#0\"><span>BECOME A VOLUNTEER<\/span><\/a><\/div><\/div><\/div><\/div><\/div><\/div><\/div><\/div><div class=\"vc_row wpb_row vc_row-fluid grop-dhav-dotted vc_custom_1506604392594\"><div class=\"wpb_column vc_column_container text-left vc_col-sm-12\"><div class=\"vc_column-inner vc_custom_1507804448961\"><div class=\"wpb_wrapper\"><div class=\"grop-section_text   grop-heading-69f3f4bd7e3e7   text-center\"><h2 class=\"text-uppercase grop-sctn_title_fntSz-30   grop-heading-69f3f4bd7e3e7  text-center\">Our Groppe People<\/h2><\/div>    <div class=\"grop-team  grop-team-69f3f4bd7e400\"> <!-- team Starts -->\n      <div class=\"container\" style=\"width: 100%;\">\n        <div class=\"row\">\n                    <div class=\"grop-team-single-item col-md-3 col-sm-6 col-xs-6\">\n                            <div class=\"grop-vltrs_peple_sngle_intro  grop-tm_dr\">\n                <!--Volunteers people media image start \\-->\n                <div class=\"grop-vltrs_peple_media\">\n                  <div class=\"text-uppercase  grop-vltrs_peple_intro\">Accountant<\/div>                  <a href=\"https:\/\/islamimola.it\/en\/team\/harrison-ford\/\"><img decoding=\"async\" src=\"https:\/\/islamimola.it\/wp-content\/uploads\/2017\/01\/team-volunteer-two-370x310.jpg\" alt=\"\" \/><\/a>\n                <\/div><!--\/Volunteers people media end-->\n                <!--Volunteers people text start \\-->\n                <div class=\"grop-vltrs_peple_cont_warp\">\n                  <!--Volunteers people intro text start \\-->\n                  <div class=\"grop-vltrs_peple_intro_txt\">\n                    <h4><a href=\"https:\/\/islamimola.it\/en\/team\/harrison-ford\/\">Harrison Ford<\/a><\/h4>                    <p>\n                      Leverage agile frameworks to provide a robust synopsis for high level overviews.                    <\/p>\n                  <\/div><!--\/end-->\n                  <!--Social  warp start \\-->\n                  <div class=\"grop-fix grop-vltrs_peple_social_warp\">\n                    <!--title text start \\-->\n                    <h5 class=\"text-left  col-xs-6 grop-vltrs_peple_scil_title\">Meet Me On:<\/h5><!--\/end-->\n                    <!--Social  start \\-->\n                    <div class=\"col-xs-6  vltrs_peple_social\">\n                      <ul class=\"list-inline text-right\">\n                                              <li><a href=\"https:\/\/www.facebook.com\">\n                          <i class=\"fa fa-facebook-square\"><\/i>\n                        <\/a><\/li>\n                                              <li><a href=\"https:\/\/www.twitter.com\">\n                          <i class=\"fa fa-twitter-square\"><\/i>\n                        <\/a><\/li>\n                                              <li><a href=\"https:\/\/www.linkedin.com\">\n                          <i class=\"fa fa-linkedin-square\"><\/i>\n                        <\/a><\/li>\n                                            <\/ul>\n                    <\/div><!--\/end-->\n                  <\/div><!--\/Social  warp end-->\n                  \n                <\/div><!--\/Volunteers people media end-->\n                \n              <\/div>\n\n                          <\/div><!--\/Volunteers people single intro end-->\n                        <div class=\"grop-team-single-item col-md-3 col-sm-6 col-xs-6\">\n                            <div class=\"grop-vltrs_peple_sngle_intro  grop-tm_dr\">\n                <!--Volunteers people media image start \\-->\n                <div class=\"grop-vltrs_peple_media\">\n                  <div class=\"text-uppercase  grop-vltrs_peple_intro\">Physicist<\/div>                  <a href=\"https:\/\/islamimola.it\/en\/team\/joel-david\/\"><img decoding=\"async\" src=\"https:\/\/islamimola.it\/wp-content\/uploads\/2017\/01\/team-volunteer-one-370x310.jpg\" alt=\"\" \/><\/a>\n                <\/div><!--\/Volunteers people media end-->\n                <!--Volunteers people text start \\-->\n                <div class=\"grop-vltrs_peple_cont_warp\">\n                  <!--Volunteers people intro text start \\-->\n                  <div class=\"grop-vltrs_peple_intro_txt\">\n                    <h4><a href=\"https:\/\/islamimola.it\/en\/team\/joel-david\/\">Joel David<\/a><\/h4>                    <p>\n                      Leverage agile frameworks to provide a robust synopsis for high level overviews.                    <\/p>\n                  <\/div><!--\/end-->\n                  <!--Social  warp start \\-->\n                  <div class=\"grop-fix grop-vltrs_peple_social_warp\">\n                    <!--title text start \\-->\n                    <h5 class=\"text-left  col-xs-6 grop-vltrs_peple_scil_title\">Meet Me On:<\/h5><!--\/end-->\n                    <!--Social  start \\-->\n                    <div class=\"col-xs-6  vltrs_peple_social\">\n                      <ul class=\"list-inline text-right\">\n                                              <li><a href=\"https:\/\/www.facebook.com\">\n                          <i class=\"fa fa-facebook-square\"><\/i>\n                        <\/a><\/li>\n                                            <\/ul>\n                    <\/div><!--\/end-->\n                  <\/div><!--\/Social  warp end-->\n                  \n                <\/div><!--\/Volunteers people media end-->\n                \n              <\/div>\n\n                          <\/div><!--\/Volunteers people single intro end-->\n                        <div class=\"grop-team-single-item col-md-3 col-sm-6 col-xs-6\">\n                            <div class=\"grop-vltrs_peple_sngle_intro  grop-tm_dr\">\n                <!--Volunteers people media image start \\-->\n                <div class=\"grop-vltrs_peple_media\">\n                  <div class=\"text-uppercase  grop-vltrs_peple_intro\">Reporter<\/div>                  <a href=\"https:\/\/islamimola.it\/en\/team\/karen-allen\/\"><img decoding=\"async\" src=\"https:\/\/islamimola.it\/wp-content\/uploads\/2017\/01\/team-volunteer-two-370x310.jpg\" alt=\"\" \/><\/a>\n                <\/div><!--\/Volunteers people media end-->\n                <!--Volunteers people text start \\-->\n                <div class=\"grop-vltrs_peple_cont_warp\">\n                  <!--Volunteers people intro text start \\-->\n                  <div class=\"grop-vltrs_peple_intro_txt\">\n                    <h4><a href=\"https:\/\/islamimola.it\/en\/team\/karen-allen\/\">Karen Allen<\/a><\/h4>                    <p>\n                      Leverage agile frameworks to provide a robust synopsis for high level overviews.                    <\/p>\n                  <\/div><!--\/end-->\n                  <!--Social  warp start \\-->\n                  <div class=\"grop-fix grop-vltrs_peple_social_warp\">\n                    <!--title text start \\-->\n                    <h5 class=\"text-left  col-xs-6 grop-vltrs_peple_scil_title\">Meet Me On:<\/h5><!--\/end-->\n                    <!--Social  start \\-->\n                    <div class=\"col-xs-6  vltrs_peple_social\">\n                      <ul class=\"list-inline text-right\">\n                                              <li><a href=\"https:\/\/www.facebook.com\">\n                          <i class=\"fa fa-facebook-square\"><\/i>\n                        <\/a><\/li>\n                                              <li><a href=\"https:\/\/www.twitter.com\">\n                          <i class=\"fa fa-twitter-square\"><\/i>\n                        <\/a><\/li>\n                                              <li><a href=\"https:\/\/www.linkedin.com\">\n                          <i class=\"fa fa-linkedin-square\"><\/i>\n                        <\/a><\/li>\n                                            <\/ul>\n                    <\/div><!--\/end-->\n                  <\/div><!--\/Social  warp end-->\n                  \n                <\/div><!--\/Volunteers people media end-->\n                \n              <\/div>\n\n                          <\/div><!--\/Volunteers people single intro end-->\n                        <div class=\"grop-team-single-item col-md-3 col-sm-6 col-xs-6\">\n                            <div class=\"grop-vltrs_peple_sngle_intro  grop-tm_dr\">\n                <!--Volunteers people media image start \\-->\n                <div class=\"grop-vltrs_peple_media\">\n                  <div class=\"text-uppercase  grop-vltrs_peple_intro\">Social Worker<\/div>                  <a href=\"https:\/\/islamimola.it\/en\/team\/stephen-lang\/\"><img decoding=\"async\" src=\"https:\/\/islamimola.it\/wp-content\/uploads\/2017\/01\/team-volunteer-one-370x310.jpg\" alt=\"\" \/><\/a>\n                <\/div><!--\/Volunteers people media end-->\n                <!--Volunteers people text start \\-->\n                <div class=\"grop-vltrs_peple_cont_warp\">\n                  <!--Volunteers people intro text start \\-->\n                  <div class=\"grop-vltrs_peple_intro_txt\">\n                    <h4><a href=\"https:\/\/islamimola.it\/en\/team\/stephen-lang\/\">Stephen Lang<\/a><\/h4>                    <p>\n                      Leverage agile frameworks to provide a robust synopsis for high level overviews.                    <\/p>\n                  <\/div><!--\/end-->\n                  <!--Social  warp start \\-->\n                  <div class=\"grop-fix grop-vltrs_peple_social_warp\">\n                    <!--title text start \\-->\n                    <h5 class=\"text-left  col-xs-6 grop-vltrs_peple_scil_title\">Meet Me On:<\/h5><!--\/end-->\n                    <!--Social  start \\-->\n                    <div class=\"col-xs-6  vltrs_peple_social\">\n                      <ul class=\"list-inline text-right\">\n                                              <li><a href=\"\">\n                          <i class=\"fa fa-facebook-square\"><\/i>\n                        <\/a><\/li>\n                                              <li><a href=\"\">\n                          <i class=\"fa fa-twitter-square\"><\/i>\n                        <\/a><\/li>\n                                              <li><a href=\"\">\n                          <i class=\"fa fa-linkedin-square\"><\/i>\n                        <\/a><\/li>\n                                            <\/ul>\n                    <\/div><!--\/end-->\n                  <\/div><!--\/Social  warp end-->\n                  \n                <\/div><!--\/Volunteers people media end-->\n                \n              <\/div>\n\n                          <\/div><!--\/Volunteers people single intro end-->\n                    <\/div> <!-- row -->\n      <\/div> <!-- container -->\n    <\/div> <!-- team End -->\n    <\/div><\/div><\/div><\/div>","protected":false},"excerpt":{"rendered":"Leverage agile frameworks to provide a robust synopsis for high level overviews.","protected":false},"author":1,"featured_media":0,"parent":0,"menu_order":0,"comment_status":"closed","ping_status":"closed","template":"","meta":{"footnotes":""},"class_list":["post-2850","page","type-page","status-publish","hentry"],"_links":{"self":[{"href":"https:\/\/islamimola.it\/en\/wp-json\/wp\/v2\/pages\/2850","targetHints":{"allow":["GET"]}}],"collection":[{"href":"https:\/\/islamimola.it\/en\/wp-json\/wp\/v2\/pages"}],"about":[{"href":"https:\/\/islamimola.it\/en\/wp-json\/wp\/v2\/types\/page"}],"author":[{"embeddable":true,"href":"https:\/\/islamimola.it\/en\/wp-json\/wp\/v2\/users\/1"}],"replies":[{"embeddable":true,"href":"https:\/\/islamimola.it\/en\/wp-json\/wp\/v2\/comments?post=2850"}],"version-history":[{"count":0,"href":"https:\/\/islamimola.it\/en\/wp-json\/wp\/v2\/pages\/2850\/revisions"}],"wp:attachment":[{"href":"https:\/\/islamimola.it\/en\/wp-json\/wp\/v2\/media?parent=2850"}],"curies":[{"name":"wp","href":"https:\/\/api.w.org\/{rel}","templated":true}]}}